{"id":3,"date":"2024-04-04T05:30:22","date_gmt":"2024-04-04T05:30:22","guid":{"rendered":"https:\/\/vivernojapaobr.de-mais.com\/?page_id=3"},"modified":"2026-02-05T14:55:00","modified_gmt":"2026-02-05T05:55:00","slug":"privacy-policy","status":"publish","type":"page","link":"https:\/\/vivernojapaobr.de-mais.com\/?page_id=3","title":{"rendered":"\u30d7\u30e9\u30a4\u30d0\u30b7\u30fc\u30dd\u30ea\u30b7\u30fc\/Pol\u00edtica de PrivacidadePrivacy Policy"},"content":{"rendered":"\n<h2 class=\"wp-block-heading\">\u25a0\u6b63\u5f0f\u306a\u8868\u8a18\u306b\u3064\u3044\u3066<\/h2>\n\n\n\n<p>\u672c\u30da\u30fc\u30b8\u306e\u6b63\u5f0f\u306a\u30d7\u30e9\u30a4\u30d0\u30b7\u30fc\u30dd\u30ea\u30b7\u30fc\u306f\u65e5\u672c\u8a9e\u7248\u3067\u3059\u3002<br>\u30dd\u30eb\u30c8\u30ac\u30eb\u8a9e\u7248\u306f\u53c2\u8003\u3068\u3057\u3066\u63b2\u8f09\u3057\u3066\u304a\u308a\u307e\u3059\u3002\u5185\u5bb9\u306b\u76f8\u9055\u304c\u3042\u308b\u5834\u5408\u306f\u3001\u65e5\u672c\u8a9e\u7248\u304c\u512a\u5148\u3055\u308c\u307e\u3059\u3002<\/p>\n\n\n\n<h3 class=\"wp-block-heading\">\u25a0\u5f53\u30b5\u30a4\u30c8\u306b\u63b2\u8f09\u3055\u308c\u3066\u3044\u308b\u5e83\u544a\u306b\u3064\u3044\u3066<\/h3>\n\n\n\n<p>\u5f53\u30b5\u30a4\u30c8\u3067\u306f\u3001\u7b2c\u4e09\u8005\u914d\u4fe1\u306e\u5e83\u544a\u30b5\u30fc\u30d3\u30b9\uff08Google AdSense\u3001A8.net\u3001Amazon\u30a2\u30bd\u30b7\u30a8\u30a4\u30c8\u7b49\uff09\u3092\u5229\u7528\u3057\u3066\u3044\u307e\u3059\u3002<\/p>\n\n\n\n<p>\u3053\u308c\u3089\u306e\u5e83\u544a\u914d\u4fe1\u4e8b\u696d\u8005\u306f\u3001\u30e6\u30fc\u30b6\u30fc\u306e\u8208\u5473\u306b\u5fdc\u3058\u305f\u5546\u54c1\u3084\u30b5\u30fc\u30d3\u30b9\u306e\u5e83\u544a\u3092\u8868\u793a\u3059\u308b\u305f\u3081\u3001\u5f53\u30b5\u30a4\u30c8\u3084\u4ed6\u30b5\u30a4\u30c8\u3078\u306e\u30a2\u30af\u30bb\u30b9\u306b\u95a2\u3059\u308b\u60c5\u5831\u300cCookie\uff08\u30af\u30c3\u30ad\u30fc\uff09\u300d\u3092\u4f7f\u7528\u3059\u308b\u3053\u3068\u304c\u3042\u308a\u307e\u3059\u3002\u306a\u304a\u3001Cookie\u306b\u306f\u6c0f\u540d\u3001\u4f4f\u6240\u3001\u30e1\u30fc\u30eb\u30a2\u30c9\u30ec\u30b9\u3001\u96fb\u8a71\u756a\u53f7\u306a\u3069\u306e\u500b\u4eba\u60c5\u5831\u306f\u542b\u307e\u308c\u307e\u305b\u3093\u3002<\/p>\n\n\n\n<p>Google\u306b\u3088\u308b\u5e83\u544a\u306b\u304a\u3051\u308bCookie\u306e\u53d6\u308a\u6271\u3044\u306b\u3064\u3044\u3066\u306f\u3001Google\u306e\u5e83\u544a\u30dd\u30ea\u30b7\u30fc\u3092\u3054\u78ba\u8a8d\u304f\u3060\u3055\u3044\u3002<\/p>\n\n\n\n<h3 class=\"wp-block-heading\">\u25a0\u30a2\u30af\u30bb\u30b9\u89e3\u6790\u30c4\u30fc\u30eb\u306b\u3064\u3044\u3066<\/h3>\n\n\n\n<p>\u5f53\u30b5\u30a4\u30c8\u3067\u306f\u3001Google\u304c\u63d0\u4f9b\u3059\u308b\u30a2\u30af\u30bb\u30b9\u89e3\u6790\u30c4\u30fc\u30eb\u300cGoogle Analytics\u300d\u3092\u5229\u7528\u3057\u3066\u3044\u307e\u3059\u3002<\/p>\n\n\n\n<p>Google Analytics\u306f\u30c8\u30e9\u30d5\u30a3\u30c3\u30af\u30c7\u30fc\u30bf\u53ce\u96c6\u306e\u305f\u3081\u306bCookie\u3092\u4f7f\u7528\u3057\u3066\u3044\u307e\u3059\u3002\u3053\u308c\u3089\u306e\u30c7\u30fc\u30bf\u306f\u533f\u540d\u3067\u53ce\u96c6\u3055\u308c\u3066\u304a\u308a\u3001\u500b\u4eba\u3092\u7279\u5b9a\u3059\u308b\u3082\u306e\u3067\u306f\u3042\u308a\u307e\u305b\u3093\u3002<\/p>\n\n\n\n<p>Cookie\u306e\u4f7f\u7528\u3092\u671b\u307e\u306a\u3044\u5834\u5408\u306f\u3001\u30d6\u30e9\u30a6\u30b6\u306e\u8a2d\u5b9a\u306b\u3088\u308a\u7121\u52b9\u306b\u3059\u308b\u3053\u3068\u304c\u53ef\u80fd\u3067\u3059\u3002<\/p>\n\n\n\n<h3 class=\"wp-block-heading\">\u25a0\u30b3\u30e1\u30f3\u30c8\u306b\u3064\u3044\u3066<\/h3>\n\n\n\n<p>\u5f53\u30b5\u30a4\u30c8\u3067\u306f\u3001\u30b9\u30d1\u30e0\u30fb\u8352\u3089\u3057\u3078\u306e\u5bfe\u5fdc\u3068\u3057\u3066\u3001\u30b3\u30e1\u30f3\u30c8\u6295\u7a3f\u6642\u306b\u4f7f\u7528\u3055\u308c\u305fIP\u30a2\u30c9\u30ec\u30b9\u3092\u8a18\u9332\u3057\u3066\u3044\u307e\u3059\u3002\u3053\u308c\u306f\u30d6\u30ed\u30b0\u306e\u6a19\u6e96\u6a5f\u80fd\u3068\u3057\u3066\u5bfe\u5fdc\u3057\u3066\u3044\u308b\u3082\u306e\u3067\u3042\u308a\u3001\u30b9\u30d1\u30e0\u30fb\u8352\u3089\u3057\u5bfe\u7b56\u4ee5\u5916\u306e\u76ee\u7684\u3067\u4f7f\u7528\u3059\u308b\u3053\u3068\u306f\u3042\u308a\u307e\u305b\u3093\u3002<\/p>\n\n\n\n<p>\u30e1\u30fc\u30eb\u30a2\u30c9\u30ec\u30b9\u304a\u3088\u3073URL\u306e\u5165\u529b\u306f\u4efb\u610f\u3067\u3059\u3002<\/p>\n\n\n\n<p>\u3059\u3079\u3066\u306e\u30b3\u30e1\u30f3\u30c8\u306f\u7ba1\u7406\u4eba\u304c\u4e8b\u524d\u306b\u5185\u5bb9\u3092\u78ba\u8a8d\u3057\u3001\u627f\u8a8d\u3057\u305f\u4e0a\u3067\u63b2\u8f09\u3044\u305f\u3057\u307e\u3059\u3002\u4ee5\u4e0b\u306e\u5185\u5bb9\u3092\u542b\u3080\u30b3\u30e1\u30f3\u30c8\u306f\u3001\u7ba1\u7406\u4eba\u306e\u5224\u65ad\u306b\u3088\u308a\u524a\u9664\u3059\u308b\u5834\u5408\u304c\u3042\u308a\u307e\u3059\u3002<\/p>\n\n\n\n<p>\u30fb\u7279\u5b9a\u306e\u4f01\u696d\u3084\u4eba\u7269\u3078\u306e\u8ab9\u8b17\u4e2d\u50b7<br>\u30fb\u516c\u5e8f\u826f\u4fd7\u306b\u53cd\u3059\u308b\u5185\u5bb9<br>\u30fb\u9055\u6cd5\u884c\u70ba\u3092\u52a9\u9577\u3059\u308b\u5185\u5bb9<br>\u30fb\u305d\u306e\u4ed6\u3001\u7ba1\u7406\u4eba\u304c\u4e0d\u9069\u5207\u3068\u5224\u65ad\u3057\u305f\u5185\u5bb9<\/p>\n\n\n\n<h3 class=\"wp-block-heading\">\u25a0\u514d\u8cac\u4e8b\u9805<\/h3>\n\n\n\n<p>\u5f53\u30b5\u30a4\u30c8\u3067\u306f\u3001\u30a2\u30d5\u30a3\u30ea\u30a8\u30a4\u30c8\u30d7\u30ed\u30b0\u30e9\u30e0\u3092\u5229\u7528\u3057\u3066\u5546\u54c1\u3084\u30b5\u30fc\u30d3\u30b9\u3092\u3054\u7d39\u4ecb\u3057\u3066\u3044\u307e\u3059\u3002\u30a2\u30d5\u30a3\u30ea\u30a8\u30a4\u30c8\u3068\u306f\u3001\u5546\u54c1\u3084\u30b5\u30fc\u30d3\u30b9\u3092\u63d0\u4f9b\u3059\u308b\u4f01\u696d\u3068\u63d0\u643a\u3057\u3001\u5546\u54c1\u3092\u7d39\u4ecb\u3059\u308b\u4ed5\u7d44\u307f\u3067\u3059\u3002<\/p>\n\n\n\n<p>\u5f53\u30b5\u30a4\u30c8\u3067\u7d39\u4ecb\u3057\u3066\u3044\u308b\u5546\u54c1\u306f\u3001\u5f53\u30b5\u30a4\u30c8\u304c\u76f4\u63a5\u8ca9\u58f2\u3057\u3066\u3044\u308b\u3082\u306e\u3067\u306f\u3042\u308a\u307e\u305b\u3093\u3002\u5546\u54c1\u306e\u8cfc\u5165\u3084\u304a\u652f\u6255\u3044\u306f\u3001\u30ea\u30f3\u30af\u5148\u306e\u8ca9\u58f2\u5e97\u3068\u306e\u76f4\u63a5\u306e\u304a\u53d6\u5f15\u3068\u306a\u308a\u307e\u3059\u3002<\/p>\n\n\n\n<p>\u4fa1\u683c\u3001\u6d88\u8cbb\u7a0e\u3001\u9001\u6599\u3001\u5728\u5eab\u72b6\u6cc1\u7b49\u306f\u5909\u66f4\u3055\u308c\u308b\u5834\u5408\u304c\u3042\u308a\u307e\u3059\u3002\u8fd4\u54c1\u30fb\u8fd4\u91d1\u4fdd\u8a3c\u7b49\u306b\u3064\u3044\u3066\u306f\u3001\u30ea\u30f3\u30af\u5148\u306e\u8ca9\u58f2\u5e97\u306e\u898f\u7d04\u3092\u3054\u78ba\u8a8d\u304f\u3060\u3055\u3044\u3002<\/p>\n\n\n\n<p>\u5f53\u30b5\u30a4\u30c8\u3067\u306f\u3001\u63b2\u8f09\u60c5\u5831\u306b\u3064\u3044\u3066\u53ef\u80fd\u306a\u9650\u308a\u6b63\u78ba\u306a\u60c5\u5831\u3092\u63d0\u4f9b\u3059\u308b\u3088\u3046\u52aa\u3081\u3066\u304a\u308a\u307e\u3059\u304c\u3001\u5185\u5bb9\u306e\u6b63\u78ba\u6027\u30fb\u5b89\u5168\u6027\u3092\u4fdd\u8a3c\u3059\u308b\u3082\u306e\u3067\u306f\u3042\u308a\u307e\u305b\u3093\u3002\u5f53\u30b5\u30a4\u30c8\u306e\u60c5\u5831\u3092\u5229\u7528\u3057\u305f\u3053\u3068\u306b\u3088\u3063\u3066\u751f\u3058\u305f\u640d\u5bb3\u7b49\u306b\u3064\u3044\u3066\u306f\u3001\u4e00\u5207\u306e\u8cac\u4efb\u3092\u8ca0\u3044\u304b\u306d\u307e\u3059\u3002<\/p>\n\n\n\n<h3 class=\"wp-block-heading\">\u25a0\u304a\u554f\u3044\u5408\u308f\u305b\u306b\u3064\u3044\u3066<\/h3>\n\n\n\n<p>\u5f53\u30b5\u30a4\u30c8\u306b\u63b2\u8f09\u3057\u3066\u3044\u308b\u5546\u54c1\u30fb\u30b5\u30fc\u30d3\u30b9\u306b\u95a2\u3059\u308b\u304a\u554f\u3044\u5408\u308f\u305b\u306f\u3001\u5404\u8ca9\u58f2\u5143\u3078\u76f4\u63a5\u3054\u9023\u7d61\u304f\u3060\u3055\u3044\u3002<br>\u5f53\u30b5\u30a4\u30c8\u7ba1\u7406\u8005\u3067\u306f\u304a\u7b54\u3048\u3067\u304d\u306a\u3044\u5834\u5408\u304c\u3042\u308a\u307e\u3059\u3002<\/p>\n\n\n\n<h3 class=\"wp-block-heading\">\u25a0\u30d7\u30e9\u30a4\u30d0\u30b7\u30fc\u30dd\u30ea\u30b7\u30fc\u306e\u5909\u66f4\u306b\u3064\u3044\u3066<\/h3>\n\n\n\n<p>\u5f53\u30b5\u30a4\u30c8\u306f\u3001\u6cd5\u4ee4\u306e\u5909\u66f4\u3084\u904b\u55b6\u65b9\u91dd\u306e\u898b\u76f4\u3057\u306b\u4f34\u3044\u3001\u672c\u30dd\u30ea\u30b7\u30fc\u3092\u4e88\u544a\u306a\u304f\u5909\u66f4\u3059\u308b\u3053\u3068\u304c\u3042\u308a\u307e\u3059\u3002<\/p>\n\n\n\n<h2 class=\"wp-block-heading\">Portugu\u00eas<\/h2>\n\n\n\n<h3 class=\"wp-block-heading\">\u25a0 Sobre a vers\u00e3o oficial<\/h3>\n\n\n\n<p>A vers\u00e3o oficial desta Pol\u00edtica de Privacidade \u00e9 a vers\u00e3o em japon\u00eas.<br>A vers\u00e3o em portugu\u00eas \u00e9 apresentada apenas como tradu\u00e7\u00e3o de refer\u00eancia. Em caso de diverg\u00eancia, prevalecer\u00e1 o texto em japon\u00eas.<\/p>\n\n\n\n<h3 class=\"wp-block-heading\">\u25a0 Sobre os an\u00fancios exibidos neste site<\/h3>\n\n\n\n<p>Este site utiliza servi\u00e7os de publicidade de terceiros, como Google AdSense, A8.net e Amazon Associates.<\/p>\n\n\n\n<p>Esses servi\u00e7os podem utilizar informa\u00e7\u00f5es sobre suas visitas a este e a outros sites, por meio de cookies, para exibir an\u00fancios de produtos e servi\u00e7os de seu interesse. Esses cookies n\u00e3o incluem informa\u00e7\u00f5es pessoais como nome, endere\u00e7o, e-mail ou n\u00famero de telefone.<\/p>\n\n\n\n<p>Para mais informa\u00e7\u00f5es sobre o uso de cookies pelo Google, consulte as pol\u00edticas de publicidade do Google.<\/p>\n\n\n\n<h3 class=\"wp-block-heading\">\u25a0 Sobre as ferramentas de an\u00e1lise de acesso<\/h3>\n\n\n\n<p>Este site utiliza a ferramenta Google Analytics, fornecida pelo Google.<\/p>\n\n\n\n<p>O Google Analytics utiliza cookies para coletar dados de acesso de forma an\u00f4nima, sem identificar usu\u00e1rios individualmente.<\/p>\n\n\n\n<p>Caso n\u00e3o deseje permitir a coleta de dados, \u00e9 poss\u00edvel desativar os cookies nas configura\u00e7\u00f5es do seu navegador.<\/p>\n\n\n\n<h3 class=\"wp-block-heading\">\u25a0 Sobre os coment\u00e1rios<\/h3>\n\n\n\n<p>Para prevenir spam e uso inadequado, registramos os endere\u00e7os IP utilizados ao enviar coment\u00e1rios neste site. Essa funcionalidade \u00e9 padr\u00e3o do sistema de blog e n\u00e3o ser\u00e1 utilizada para outros fins.<\/p>\n\n\n\n<p>O fornecimento de e-mail e URL \u00e9 opcional.<\/p>\n\n\n\n<p>Todos os coment\u00e1rios ser\u00e3o analisados pelo administrador antes da publica\u00e7\u00e3o. Coment\u00e1rios contendo os seguintes conte\u00fados poder\u00e3o ser removidos:<\/p>\n\n\n\n<p>\u30fbOfensas ou difama\u00e7\u00f5es contra pessoas ou empresas<br>\u30fbConte\u00fados que violem leis ou a moral p\u00fablica<br>\u30fbIncentivo a atividades ilegais<br>\u30fbOutros conte\u00fados considerados inadequados pelo administrador<\/p>\n\n\n\n<h3 class=\"wp-block-heading\">\u25a0 Isen\u00e7\u00e3o de responsabilidade<\/h3>\n\n\n\n<p>Este site apresenta produtos e servi\u00e7os por meio de programas de afiliados. Isso significa que o site promove produtos fornecidos por empresas parceiras.<\/p>\n\n\n\n<p>Os produtos n\u00e3o s\u00e3o vendidos diretamente por este site. Compras, pagamentos e condi\u00e7\u00f5es comerciais devem ser verificados diretamente nos sites dos fornecedores.<\/p>\n\n\n\n<p>Os pre\u00e7os, impostos, fretes e disponibilidade podem sofrer altera\u00e7\u00f5es sem aviso pr\u00e9vio. Garantias de devolu\u00e7\u00e3o e reembolso s\u00e3o responsabilidade dos fornecedores.<\/p>\n\n\n\n<p>O administrador deste site n\u00e3o se responsabiliza por quaisquer danos decorrentes da utiliza\u00e7\u00e3o das informa\u00e7\u00f5es aqui apresentadas.<\/p>\n\n\n\n<h3 class=\"wp-block-heading\">\u25a0 Sobre contato<\/h3>\n\n\n\n<p>Para d\u00favidas relacionadas aos produtos ou servi\u00e7os apresentados, entre em contato diretamente com as empresas fornecedoras atrav\u00e9s dos links dispon\u00edveis.<\/p>\n\n\n\n<h3 class=\"wp-block-heading\">\u25a0 Altera\u00e7\u00f5es desta pol\u00edtica<\/h3>\n\n\n\n<p>Esta pol\u00edtica poder\u00e1 ser alterada sem aviso pr\u00e9vio, conforme altera\u00e7\u00f5es legais ou operacionais.<\/p>\n\n\n\n\n","protected":false},"excerpt":{"rendered":"<p>\u25a0\u6b63\u5f0f\u306a\u8868\u8a18\u306b\u3064\u3044\u3066 \u672c\u30da\u30fc\u30b8\u306e\u6b63\u5f0f\u306a\u30d7\u30e9\u30a4\u30d0\u30b7\u30fc\u30dd\u30ea\u30b7\u30fc\u306f\u65e5\u672c\u8a9e\u7248\u3067\u3059\u3002\u30dd\u30eb\u30c8\u30ac\u30eb\u8a9e\u7248\u306f\u53c2\u8003\u3068\u3057\u3066\u63b2\u8f09\u3057\u3066\u304a\u308a\u307e\u3059\u3002\u5185\u5bb9\u306b\u76f8\u9055\u304c\u3042\u308b\u5834\u5408\u306f\u3001\u65e5\u672c\u8a9e\u7248\u304c\u512a\u5148\u3055\u308c\u307e\u3059\u3002 \u25a0\u5f53\u30b5\u30a4\u30c8\u306b\u63b2\u8f09\u3055\u308c\u3066\u3044\u308b\u5e83\u544a\u306b\u3064\u3044\u3066 \u5f53\u30b5\u30a4\u30c8\u3067\u306f [&hellip;]<\/p>\n","protected":false},"author":1,"featured_media":0,"parent":0,"menu_order":0,"comment_status":"closed","ping_status":"open","template":"","meta":{"swell_btn_cv_data":"","footnotes":""},"class_list":["post-3","page","type-page","status-publish","hentry"],"_links":{"self":[{"href":"https:\/\/vivernojapaobr.de-mais.com\/index.php?rest_route=\/wp\/v2\/pages\/3","targetHints":{"allow":["GET"]}}],"collection":[{"href":"https:\/\/vivernojapaobr.de-mais.com\/index.php?rest_route=\/wp\/v2\/pages"}],"about":[{"href":"https:\/\/vivernojapaobr.de-mais.com\/index.php?rest_route=\/wp\/v2\/types\/page"}],"author":[{"embeddable":true,"href":"https:\/\/vivernojapaobr.de-mais.com\/index.php?rest_route=\/wp\/v2\/users\/1"}],"replies":[{"embeddable":true,"href":"https:\/\/vivernojapaobr.de-mais.com\/index.php?rest_route=%2Fwp%2Fv2%2Fcomments&post=3"}],"version-history":[{"count":2,"href":"https:\/\/vivernojapaobr.de-mais.com\/index.php?rest_route=\/wp\/v2\/pages\/3\/revisions"}],"predecessor-version":[{"id":153,"href":"https:\/\/vivernojapaobr.de-mais.com\/index.php?rest_route=\/wp\/v2\/pages\/3\/revisions\/153"}],"wp:attachment":[{"href":"https:\/\/vivernojapaobr.de-mais.com\/index.php?rest_route=%2Fwp%2Fv2%2Fmedia&parent=3"}],"curies":[{"name":"wp","href":"https:\/\/api.w.org\/{rel}","templated":true}]}}